{"id":746,"date":"2017-11-02T09:37:02","date_gmt":"2017-11-02T08:37:02","guid":{"rendered":"http:\/\/benfeld-catholique.fr\/eglise\/?page_id=746"},"modified":"2026-01-26T18:25:24","modified_gmt":"2026-01-26T17:25:24","slug":"accueil-2","status":"publish","type":"page","link":"http:\/\/benfeld-catholique.fr\/","title":{"rendered":"Actualit\u00e9s"},"content":{"rendered":"\n<!-- Global site tag (gtag.js) - Google Analytics -->\n<script async=\"\" src=\"https:\/\/www.googletagmanager.com\/gtag\/js?id=G-BR8NREBQWL\"><\/script>\n<script>\n  window.dataLayer = window.dataLayer || [];\n  function gtag(){dataLayer.push(arguments);}\n  gtag('js', new Date());\n\n  gtag('config', 'G-BR8NREBQWL');\n<\/script>\n\n\n\n<p><script><br \/>\nfunction visibilite(thingId)<br \/>\n{<br \/>\nvar targetElement;<br \/>\ntargetElement = document.getElementById(thingId) ;<br \/>\nif (targetElement.style.display == \"none\")<br \/>\n{<br \/>\ntargetElement.style.display = \"\" ;<br \/>\n} else {<br \/>\ntargetElement.style.display = \"none\" ;<br \/>\n}<br \/>\n}<br \/>\n<\/script><\/p>\n\n\n<div class=\"row \"><\/p>\n<p><div class=\"col-lg-2 col-md-12 col-xs-12 col-sm-12\"><\/p>\n<p><\/div><\/p>\n<p><div class=\"col-lg-2 col-md-12 col-xs-12 col-sm-12\"><\/p>\n<p><\/div><\/p>\n<p><div class=\"col-lg-2 col-md-12 col-xs-12 col-sm-12\"><\/p>\n<p><\/div><\/p>\n<p><div class=\"col-lg-2 col-md-12 col-xs-12 col-sm-12\"><\/p>\n<p><\/div><\/p>\n<p><\/div>\n\n\n<section id='bouton-menu' class='stag-custom-widget-area '><aside id=\"custom_html-38\" class=\"widget_text widget widget_custom_html\"><div class=\"textwidget custom-html-widget\"><html>\r\n<head>\r\n<meta charset=\"utf-8\" \/>\r\n<meta name=\"viewport\" content=\"width=device-width\" \/>\r\n<\/head>\r\n\r\n<body bgcolor=\"#fff\">\r\n\t<script type=\"text\/javascript\"> \r\n\r\n     function changeBouton1()\r\n    {\r\n        window.location.href = 'http:\/\/benfeld-catholique.fr\/?page_id=261';\r\n    }\r\n    function changeBouton2()\r\n    {\r\n        window.location.href = 'http:\/\/benfeld-catholique.fr\/?page_id=307';\r\n    }\r\n function changeBouton3()\r\n    {\r\n        window.location.href = 'http:\/\/benfeld-catholique.fr\/?page_id=264';\r\n    }\r\n function changeBouton4()\r\n    {\r\n        window.location.href = 'http:\/\/benfeld-catholique.fr\/?page_id=310';\r\n    }\r\n function changeBouton5()\r\n    {\r\n        window.location.href = 'http:\/\/benfeld-catholique.fr\/?page_id=312';\r\n    }\r\n function changeBouton6()\r\n    {\r\n        window.location.href = 'http:\/\/benfeld-catholique.fr\/?page_id=314';\r\n    }\r\n\t\t function changeBouton7()\r\n    {\r\n        window.location.href = 'http:\/\/benfeld-catholique.fr\/?page_id=3032';\r\n    }\r\n\t\t function changeBouton8()\r\n    {\r\n        window.location.href = 'http:\/\/benfeld-catholique.fr\/?page_id=2643';\r\n    }\r\n<\/script>\r\n\r\n\r\n\r\n<\/body>\r\n<\/html>\r\n<\/div><\/aside><\/section>\n\n\n<div class=\"row \"><\/p>\n<p><div class=\"col-lg-2 col-md-12 col-xs-12 col-sm-12 col-lg-offset-1\"><\/p>\n<p><\/div><\/p>\n<p><div class=\"col-lg-2 col-md-12 col-xs-12 col-sm-12\"><\/p>\n<p><\/div><\/p>\n<p><div class=\"col-lg-2 col-md-12 col-xs-12 col-sm-12\"><\/p>\n<p><\/div><\/p>\n<p><div class=\"col-lg-2 col-md-12 col-xs-12 col-sm-12\"><\/p>\n<p><\/div><\/p>\n<div id=\"div_bloc1\" style=\"display: none; position: relative; left: 0px;\"><div class=\"col-lg-3 col-md-12 col-xs-12 col-sm-12\">\n<section id='menu-celebrer' class='stag-custom-widget-area '><aside id=\"nav_menu-7\" class=\"widget widget_nav_menu\"><h3 class=\"widgettitle\">C\u00e9l\u00e9brez<\/h3><\/aside><\/section>\n<\/div><\/div>\n<div id=\"div_bloc2\" style=\"display: none; position: relative; left: 0px;\"><div class=\"col-lg-3 col-md-12 col-xs-12 col-sm-12\">\n<section id='menu-liturgie' class='stag-custom-widget-area '><aside id=\"nav_menu-11\" class=\"widget widget_nav_menu\"><h3 class=\"widgettitle\">Liturgie<\/h3><\/aside><\/section>\n<\/div><\/div>\n<div id=\"div_bloc3\" style=\"display: none; position: relative; left: 0px;\"><div class=\"col-lg-3 col-md-12 col-xs-12 col-sm-12\">\n<section id='menu-enfant-jeune' class='stag-custom-widget-area '><aside id=\"nav_menu-6\" class=\"widget widget_nav_menu\"><h3 class=\"widgettitle\">Enfants Jeunes<\/h3><div class=\"menu-menu-enfant-jeune-container\"><ul id=\"menu-menu-enfant-jeune\" class=\"menu\"><li id=\"menu-item-2667\" class=\"menu-item menu-item-type-post_type menu-item-object-post menu-item-2667\"><a href=\"http:\/\/benfeld-catholique.fr\/?p=2551\">Scouts et Guides de France<\/a><\/li>\n<li id=\"menu-item-3196\" class=\"menu-item menu-item-type-post_type menu-item-object-post menu-item-3196\"><a href=\"http:\/\/benfeld-catholique.fr\/?p=3192\">Enseignement religieux \u00e0 l&rsquo;\u00e9cole primaire et au coll\u00e8ge<\/a><\/li>\n<li id=\"menu-item-3215\" class=\"menu-item menu-item-type-post_type menu-item-object-post menu-item-3215\"><a href=\"http:\/\/benfeld-catholique.fr\/?p=3211\">Guides et Scouts d&rsquo;Europe<\/a><\/li>\n<\/ul><\/div><\/aside><\/section>\n<\/div><\/div>\n<div id=\"div_bloc4\" style=\"display: none; position: relative; left: 0px;\"><div class=\"col-lg-3 col-md-12 col-xs-12 col-sm-12\">\n\n<\/div><\/div>\n<div id=\"div_bloc5\" style=\"display: none; position: relative; left: 0px;\"><div class=\"col-lg-3 col-md-12 col-xs-12 col-sm-12\">\n<section id='menu-se-ressourcer' class='stag-custom-widget-area '><aside id=\"nav_menu-8\" class=\"widget widget_nav_menu\"><h3 class=\"widgettitle\">Ressourcez-vous<\/h3><div class=\"menu-menu-se-ressourcer-container\"><ul id=\"menu-menu-se-ressourcer\" class=\"menu\"><li id=\"menu-item-1935\" class=\"menu-item menu-item-type-post_type menu-item-object-post menu-item-1935\"><a href=\"http:\/\/benfeld-catholique.fr\/?p=67\">Saveurs d\u2019\u00e9vangile<\/a><\/li>\n<li id=\"menu-item-1933\" class=\"menu-item menu-item-type-post_type menu-item-object-post menu-item-1933\"><a href=\"http:\/\/benfeld-catholique.fr\/?p=70\">Equipes de Car\u00eame<\/a><\/li>\n<li id=\"menu-item-2730\" class=\"menu-item menu-item-type-post_type menu-item-object-post menu-item-2730\"><a href=\"http:\/\/benfeld-catholique.fr\/?p=186\">Vivre et Aimer<\/a><\/li>\n<\/ul><\/div><\/aside><\/section>\n<\/div><\/div>\n<div id=\"div_bloc6\" style=\"display: none; position: relative; left: 0px;\"><div class=\"col-lg-3 col-md-12 col-xs-12 col-sm-12\">\n\n<\/div><\/div>\n<div id=\"div_bloc7\" style=\"display: none; position: relative; left: 0px;\"><div class=\"col-lg-3 col-md-12 col-xs-12 col-sm-12\">\n<section id='menu-servir' class='stag-custom-widget-area '><aside id=\"nav_menu-12\" class=\"widget widget_nav_menu\"><h3 class=\"widgettitle\">Servir<\/h3><div class=\"menu-menu-servir-container\"><ul id=\"menu-menu-servir\" class=\"menu\"><li id=\"menu-item-2871\" class=\"menu-item menu-item-type-post_type menu-item-object-post menu-item-2871\"><a href=\"http:\/\/benfeld-catholique.fr\/?p=2689\">Petites mains dans l&rsquo;ombre&#8230;<\/a><\/li>\n<li id=\"menu-item-2872\" class=\"menu-item menu-item-type-post_type menu-item-object-post menu-item-2872\"><a href=\"http:\/\/benfeld-catholique.fr\/?p=2683\">Rejoindre l&rsquo;\u00e9quipe Accueil du presbyt\u00e8re<\/a><\/li>\n<li id=\"menu-item-3100\" class=\"menu-item menu-item-type-post_type menu-item-object-post menu-item-3100\"><a href=\"http:\/\/benfeld-catholique.fr\/?p=2875\">marmiton, bricoleur, photographe\u2026<\/a><\/li>\n<\/ul><\/div><\/aside><\/section>\n<\/div><\/div>\n<div id=\"div_bloc8\" style=\"display: none; position: relative; left: 0px;\"><div class=\"col-lg-3 col-md-12 col-xs-12 col-sm-12\">\n<section id='menu-prier-adorer' class='stag-custom-widget-area '><aside id=\"nav_menu-10\" class=\"widget widget_nav_menu\"><h3 class=\"widgettitle\">Priez adorez<\/h3><div class=\"menu-menu-prier-adorer-container\"><ul id=\"menu-menu-prier-adorer\" class=\"menu\"><li id=\"menu-item-3202\" class=\"menu-item menu-item-type-post_type menu-item-object-post menu-item-3202\"><a href=\"http:\/\/benfeld-catholique.fr\/?p=178\">Eveil \u00e0 la Foi<\/a><\/li>\n<li id=\"menu-item-3203\" class=\"menu-item menu-item-type-post_type menu-item-object-post menu-item-3203\"><a href=\"http:\/\/benfeld-catholique.fr\/?p=497\">Caf\u00e9 des baptis\u00e9s<\/a><\/li>\n<\/ul><\/div><\/aside><\/section>\n<\/div><\/div>\n<p><\/div>\n\n\n\n<p><style>\n<p>nav.nav-primary{<br \/>\nbackground-color:transparent ;<br \/>\nDisplay:none;<br \/>\n}<br \/>\n.nav-primary.search-enabled{<br \/>\nbackground-color:transparent ;<br \/>\nDisplay:none;<br \/>\n}<\/p>\n<p>div#calendar{<br \/>\ndisplay: inline-block;<br \/>\n\t  -moz-transform: scale(0.51);<br \/>\n\t  -o-transform: scale(0.51);<br \/>\n\t  -webkit-transform: scale(0.51);<br \/>\n                 }<\/p>\n<p>div #i1, #i2, #i3, #i4, #i5, #i6, #i7, #i8{<br \/>\n\t  -moz-transform: scale(0.61);<br \/>\n\t  -o-transform: scale(0.61);<br \/>\n\t  -webkit-transform: scale(0.61);<br \/>\n                 }<br \/>\ndiv #i1:hover, #i2:hover, #i3:hover, #i4:hover, #i5:hover, #i6:hover, #i7:hover, #i8:hover{<br \/>\n          -moz-transform: scale(0.90);<br \/>\n\t  -o-transform: scale(0.90);<br \/>\n\t  -webkit-transform: scale(0.90);<br \/>\n      }<br \/>\n}<br \/>\n@media screen and (max-width: 400px){<br \/>\n\t\tdiv #i1, #i2, #i3, #i4, #i5, #i6, #i7, #i8{<br \/>\n\t  -moz-transform: scale(0.55);<br \/>\n\t  -o-transform: scale(0.55);<br \/>\n\t  -webkit-transform: scale(0.55);<br \/>\n                 }<\/p>\n<p>div#breadcrumb-list{<br \/>\nbackground-color:transparent ;<br \/>\nDisplay:none;<br \/>\n}<br \/>\n.marge {<br \/>\nmargin-left: 20px;<\/p>\n<p>   div#logo:hover {<br \/>\n    transform: scale(0.7);<br \/>\n      }<br \/>\n@media screen and (max-width: 900px){<br \/>\n\t\tdiv#espace{\twidth:200px;\t\t}<br \/>\n\t\t}<br \/>\n@media screen and (max-width: 660px){<br \/>\n    div#logo{<br \/>\n\t  display: inline-block;<br \/>\n\t  position:float;<br \/>\n\t  -moz-transform: scale(0.5);<br \/>\n\t  -o-transform: scale(0.5);<br \/>\n\t  -webkit-transform: scale(0.5);<br \/>\n\t    }<\/p>\n<p>}<\/p>\n<\/style><\/p>\n\n\n\n<p><\/p>\n\n\n\n<figure class=\"wp-block-image size-large\"><img loading=\"lazy\" decoding=\"async\" width=\"1024\" height=\"235\" src=\"http:\/\/benfeld-catholique.fr\/wp-content\/uploads\/2026\/01\/Blanc-1024x235.png\" alt=\"\" class=\"wp-image-15208\" srcset=\"http:\/\/benfeld-catholique.fr\/wp-content\/uploads\/2026\/01\/Blanc-1024x235.png 1024w, http:\/\/benfeld-catholique.fr\/wp-content\/uploads\/2026\/01\/Blanc-300x69.png 300w, http:\/\/benfeld-catholique.fr\/wp-content\/uploads\/2026\/01\/Blanc-768x177.png 768w, http:\/\/benfeld-catholique.fr\/wp-content\/uploads\/2026\/01\/Blanc.png 1444w\" sizes=\"auto, (max-width: 1024px) 100vw, 1024px\" \/><\/figure>\n\n\n","protected":false},"excerpt":{"rendered":"","protected":false},"author":3,"featured_media":0,"parent":0,"menu_order":0,"comment_status":"closed","ping_status":"closed","template":"","meta":{"footnotes":""},"class_list":["post-746","page","type-page","status-publish","hentry"],"_links":{"self":[{"href":"http:\/\/benfeld-catholique.fr\/index.php?rest_route=\/wp\/v2\/pages\/746","targetHints":{"allow":["GET"]}}],"collection":[{"href":"http:\/\/benfeld-catholique.fr\/index.php?rest_route=\/wp\/v2\/pages"}],"about":[{"href":"http:\/\/benfeld-catholique.fr\/index.php?rest_route=\/wp\/v2\/types\/page"}],"author":[{"embeddable":true,"href":"http:\/\/benfeld-catholique.fr\/index.php?rest_route=\/wp\/v2\/users\/3"}],"replies":[{"embeddable":true,"href":"http:\/\/benfeld-catholique.fr\/index.php?rest_route=%2Fwp%2Fv2%2Fcomments&post=746"}],"version-history":[{"count":580,"href":"http:\/\/benfeld-catholique.fr\/index.php?rest_route=\/wp\/v2\/pages\/746\/revisions"}],"predecessor-version":[{"id":15225,"href":"http:\/\/benfeld-catholique.fr\/index.php?rest_route=\/wp\/v2\/pages\/746\/revisions\/15225"}],"wp:attachment":[{"href":"http:\/\/benfeld-catholique.fr\/index.php?rest_route=%2Fwp%2Fv2%2Fmedia&parent=746"}],"curies":[{"name":"wp","href":"https:\/\/api.w.org\/{rel}","templated":true}]}}